{"id":1648,"date":"2025-05-24T20:28:06","date_gmt":"2025-05-24T23:28:06","guid":{"rendered":"https:\/\/finsara.cat\/?post_type=product&#038;p=1648"},"modified":"2026-01-30T07:32:20","modified_gmt":"2026-01-30T10:32:20","slug":"silla-ps-183","status":"publish","type":"product","link":"https:\/\/finsara.cat\/en\/product\/silla-ps-183\/","title":{"rendered":"Silla de Evacuaci\u00f3n con Oruga PS-183"},"content":{"rendered":"<h1>Silla de Evacuaci\u00f3n con Oruga PS-183 | Ligera, Plegable y Segura<\/h1>\n<div class=\"et_pb_text et_pb_bg_layout_light et_pb_text_align_left text\">\n<p>La silla PS-183 ofrece las prestaciones de una silla de traslado convencional con la posibilidad de facilitar la bajada de escaleras gracias a su sistema de oruga.<\/p>\n<p>Fabricada en aluminio y pintada en color blanco con una lona negra de gran resistencia y de f\u00e1cil limpieza.<\/p>\n<p>Est\u00e1 equipada con 2 empu\u00f1aduras telesc\u00f3picas, 2 asas posteriores\u00a0 y con cintur\u00f3n de seguridad.<\/p>\n<p>Presenta gran maniobrabilidad gracias a sus 4 ruedas y su r\u00e1pido sistema de plegado.<\/p>\n<\/div>\n<h3 class=\"\" data-start=\"925\" data-end=\"962\">Caracter\u00edsticas destacadas:<\/h3>\n<p><img decoding=\"async\" class=\"emoji\" role=\"img\" draggable=\"false\" src=\"https:\/\/s.w.org\/images\/core\/emoji\/15.0.3\/svg\/2705.svg\" alt=\"\u2705\" \/>\u00a0 Silla de f\u00e1cil manejo que puede bajar escaleras con sistema oruga<\/p>\n<p><img decoding=\"async\" class=\"emoji\" role=\"img\" draggable=\"false\" src=\"https:\/\/s.w.org\/images\/core\/emoji\/15.0.3\/svg\/2705.svg\" alt=\"\u2705\" \/>\u00a0 La silla est\u00e1 equipada con un sistema de cintur\u00f3n para un transporte seguro.<\/p>\n<p><img decoding=\"async\" class=\"emoji\" role=\"img\" draggable=\"false\" src=\"https:\/\/s.w.org\/images\/core\/emoji\/15.0.3\/svg\/2705.svg\" alt=\"\u2705\" \/>\u00a0 Fabricado en aluminio pintado en blanco.<\/p>\n<p><img decoding=\"async\" class=\"emoji\" role=\"img\" draggable=\"false\" src=\"https:\/\/s.w.org\/images\/core\/emoji\/15.0.3\/svg\/2705.svg\" alt=\"\u2705\" \/>\u00a0 2 empu\u00f1aduras telesc\u00f3picas y 2 asas posteriores incorporadas para levantar pacientes y llevarlos a trav\u00e9s de pasajes estrechos.<\/p>\n<p><img decoding=\"async\" class=\"emoji\" role=\"img\" draggable=\"false\" src=\"https:\/\/s.w.org\/images\/core\/emoji\/15.0.3\/svg\/2705.svg\" alt=\"\u2705\" \/>\u00a0 Respaldo telesc\u00f3pico, plegable y f\u00e1cil de almacenar.<\/p>\n<p><img decoding=\"async\" class=\"emoji\" role=\"img\" draggable=\"false\" src=\"https:\/\/s.w.org\/images\/core\/emoji\/15.0.3\/svg\/2705.svg\" alt=\"\u2705\" \/>\u00a0 Dise\u00f1o compacto y ligero.<\/p>\n<h3 class=\"\" data-start=\"1432\" data-end=\"1451\">Includes:<\/h3>\n<p class=\"\" data-start=\"1452\" data-end=\"1599\">Unidad de ascenso con asiento plegable, paquete de bater\u00edas recargables y cargador. Accesorios opcionales disponibles para necesidades espec\u00edficas.<\/p>\n<p>\u00a1Cont\u00e1ctanos para m\u00e1s informaci\u00f3n o para solicitar una demostraci\u00f3n!<\/p>\n<p><a href=\"https:\/\/promeba.com\/project\/ps-183-silla-de-emergencias-2\/\" target=\"_blank\" rel=\"noopener\">M\u00e1s informaci\u00f3n sobre la PS-183<\/a><\/p>\n<div style=\"max-width: 700px; margin: 30px auto;\"><iframe src=\"https:\/\/www.youtube.com\/embed\/kg2MTP7VLnA?si=PL4h8mc24Ak_LvVD&quot;\" width=\"100%\" height=\"400\" frameborder=\"0\" allowfullscreen=\"allowfullscreen\"><\/iframe><\/div>\n<div>\n<h3 style=\"text-align: center;\">Descarga la documentaci\u00f3n del producto en PDF<\/h3>\n<style>\n  .botones-pdf {<br \/>\n    display: flex;<br \/>\n    flex-direction: row;<br \/>\n    justify-content: center;<br \/>\n    align-items: center;<br \/>\n    gap: 20px;<br \/>\n    margin: 20px 0;<br \/>\n    flex-wrap: wrap; \/* permite el cambio de l\u00ednea *\/<br \/>\n  }<\/p>\n<p>  .botones-pdf a {<br \/>\n    display: inline-block;<br \/>\n    text-align: center;<br \/>\n  }<\/p>\n<p>  .botones-pdf img {<br \/>\n    width: 200px;<br \/>\n    height: auto;<br \/>\n    display: block;<br \/>\n    margin: 0 auto;<br \/>\n  }<\/p>\n<p>  \/* Responsive para m\u00f3viles *\/<br \/>\n  @media (max-width: 768px) {<br \/>\n    .botones-pdf {<br \/>\n      flex-direction: column;<br \/>\n      align-items: center; \/* asegura que se centren en vertical *\/<br \/>\n    }<br \/>\n  }<br \/>\n<\/style>\n<div class=\"botones-pdf\"><a href=\"https:\/\/promeba.com\/wp-content\/uploads\/2019\/02\/PS-183-1-1.pdf\" target=\"_blank\" rel=\"noopener\"><br \/>\n<img decoding=\"async\" src=\"https:\/\/finsara.cat\/wp-content\/uploads\/2025\/05\/botones-pdf-ficha.png\" alt=\"Ficha de producto\" \/><br \/>\n<\/a><br \/>\n<a href=\"https:\/\/promeba.com\/wp-content\/uploads\/2019\/05\/DT04_10_00_Anexo_X-DoC_rev06.pdf\" target=\"_blank\" rel=\"noopener\"><br \/>\n<img decoding=\"async\" src=\"https:\/\/finsara.cat\/wp-content\/uploads\/2025\/05\/botones-pdf-certificado.png\" alt=\"Certificado CE\" \/><br \/>\n<\/a><br \/>\n<a href=\"https:\/\/promeba.com\/wp-content\/uploads\/2019\/02\/MANUAL-DE-INSTRUCCIONES-PS-183-ESP-1.pdf\" target=\"_blank\" rel=\"noopener\"><br \/>\n<img decoding=\"async\" src=\"https:\/\/finsara.cat\/wp-content\/uploads\/2025\/05\/botones-pdf-instrucciones.png\" alt=\"Manual de instrucciones\" \/><br \/>\n<\/a><\/div>\n<\/div>","protected":false},"excerpt":{"rendered":"<h3 class=\"\" data-start=\"116\" data-end=\"170\">Silla de Evacuaci\u00f3n con Oruga PS-183<\/h3>\n<p>Ligera, plegable, segura y con capacidad hasta 180 kg. Ideal traslado convencional con la posibilidad de facilitar la bajada de escaleras gracias a su sistema de oruga.<\/p>\n<p>Consulta la descripci\u00f3n para obtener m\u00e1s detalles.<\/p>","protected":false},"featured_media":1649,"template":"","meta":{"_joinchat":[]},"product_cat":[53,50],"product_tag":[],"yoast_head":"<!-- This site is optimized with the Yoast SEO plugin v23.8 - https:\/\/yoast.com\/wordpress\/plugins\/seo\/ -->\n<title>Silla de Evacuaci\u00f3n con Oruga PS-183 - Fins Ara<\/title>\n<meta name=\"description\" content=\"Silla de Evacuaci\u00f3n con Oruga PS-183: Ligera, plegable, segura y con capacidad hasta 180 kg. Ideal traslado convencional con la posibilidad de facilitar la bajada de escaleras gracias a su sistema de oruga.\" \/>\n<meta name=\"robots\" content=\"index, follow, max-snippet:-1, max-image-preview:large, max-video-preview:-1\" \/>\n<link rel=\"canonical\" href=\"https:\/\/finsara.cat\/en\/product\/silla-ps-183\/\" \/>\n<meta property=\"og:locale\" content=\"en_US\" \/>\n<meta property=\"og:type\" content=\"article\" \/>\n<meta property=\"og:title\" content=\"Silla de Evacuaci\u00f3n con Oruga PS-183 - Fins Ara\" \/>\n<meta property=\"og:description\" content=\"Silla de Evacuaci\u00f3n con Oruga PS-183: Ligera, plegable, segura y con capacidad hasta 180 kg. Ideal traslado convencional con la posibilidad de facilitar la bajada de escaleras gracias a su sistema de oruga.\" \/>\n<meta property=\"og:url\" content=\"https:\/\/finsara.cat\/en\/product\/silla-ps-183\/\" \/>\n<meta property=\"og:site_name\" content=\"Fins Ara\" \/>\n<meta property=\"article:modified_time\" content=\"2026-01-30T10:32:20+00:00\" \/>\n<meta property=\"og:image\" content=\"https:\/\/finsara.cat\/wp-content\/uploads\/2025\/05\/silla-PS-183.jpg\" \/>\n\t<meta property=\"og:image:width\" content=\"1000\" \/>\n\t<meta property=\"og:image:height\" content=\"1000\" \/>\n\t<meta property=\"og:image:type\" content=\"image\/jpeg\" \/>\n<meta name=\"twitter:card\" content=\"summary_large_image\" \/>\n<meta name=\"twitter:label1\" content=\"Est. reading time\" \/>\n\t<meta name=\"twitter:data1\" content=\"3 minutes\" \/>\n<script type=\"application\/ld+json\" class=\"yoast-schema-graph\">{\"@context\":\"https:\/\/schema.org\",\"@graph\":[{\"@type\":\"WebPage\",\"@id\":\"https:\/\/finsara.cat\/producto\/silla-ps-183\/\",\"url\":\"https:\/\/finsara.cat\/producto\/silla-ps-183\/\",\"name\":\"Silla de Evacuaci\u00f3n con Oruga PS-183 - Fins Ara\",\"isPartOf\":{\"@id\":\"https:\/\/finsara.cat\/#website\"},\"primaryImageOfPage\":{\"@id\":\"https:\/\/finsara.cat\/producto\/silla-ps-183\/#primaryimage\"},\"image\":{\"@id\":\"https:\/\/finsara.cat\/producto\/silla-ps-183\/#primaryimage\"},\"thumbnailUrl\":\"https:\/\/finsara.cat\/wp-content\/uploads\/2025\/05\/silla-PS-183.jpg\",\"datePublished\":\"2025-05-24T23:28:06+00:00\",\"dateModified\":\"2026-01-30T10:32:20+00:00\",\"description\":\"Silla de Evacuaci\u00f3n con Oruga PS-183: Ligera, plegable, segura y con capacidad hasta 180 kg. Ideal traslado convencional con la posibilidad de facilitar la bajada de escaleras gracias a su sistema de oruga.\",\"breadcrumb\":{\"@id\":\"https:\/\/finsara.cat\/producto\/silla-ps-183\/#breadcrumb\"},\"inLanguage\":\"en-US\",\"potentialAction\":[{\"@type\":\"ReadAction\",\"target\":[\"https:\/\/finsara.cat\/producto\/silla-ps-183\/\"]}]},{\"@type\":\"ImageObject\",\"inLanguage\":\"en-US\",\"@id\":\"https:\/\/finsara.cat\/producto\/silla-ps-183\/#primaryimage\",\"url\":\"https:\/\/finsara.cat\/wp-content\/uploads\/2025\/05\/silla-PS-183.jpg\",\"contentUrl\":\"https:\/\/finsara.cat\/wp-content\/uploads\/2025\/05\/silla-PS-183.jpg\",\"width\":1000,\"height\":1000},{\"@type\":\"BreadcrumbList\",\"@id\":\"https:\/\/finsara.cat\/producto\/silla-ps-183\/#breadcrumb\",\"itemListElement\":[{\"@type\":\"ListItem\",\"position\":1,\"name\":\"Portada\",\"item\":\"https:\/\/finsara.cat\/\"},{\"@type\":\"ListItem\",\"position\":2,\"name\":\"Productos\",\"item\":\"https:\/\/finsara.cat\/shop\/\"},{\"@type\":\"ListItem\",\"position\":3,\"name\":\"Silla de Evacuaci\u00f3n con Oruga PS-183\"}]},{\"@type\":\"WebSite\",\"@id\":\"https:\/\/finsara.cat\/#website\",\"url\":\"https:\/\/finsara.cat\/\",\"name\":\"Fins Ara\",\"description\":\"\",\"potentialAction\":[{\"@type\":\"SearchAction\",\"target\":{\"@type\":\"EntryPoint\",\"urlTemplate\":\"https:\/\/finsara.cat\/?s={search_term_string}\"},\"query-input\":{\"@type\":\"PropertyValueSpecification\",\"valueRequired\":true,\"valueName\":\"search_term_string\"}}],\"inLanguage\":\"en-US\"}]}<\/script>\n<!-- \/ Yoast SEO plugin. -->","yoast_head_json":{"title":"Silla de Evacuaci\u00f3n con Oruga PS-183 - Fins Ara","description":"Silla de Evacuaci\u00f3n con Oruga PS-183: Ligera, plegable, segura y con capacidad hasta 180 kg. Ideal traslado convencional con la posibilidad de facilitar la bajada de escaleras gracias a su sistema de oruga.","robots":{"index":"index","follow":"follow","max-snippet":"max-snippet:-1","max-image-preview":"max-image-preview:large","max-video-preview":"max-video-preview:-1"},"canonical":"https:\/\/finsara.cat\/en\/product\/silla-ps-183\/","og_locale":"en_US","og_type":"article","og_title":"Silla de Evacuaci\u00f3n con Oruga PS-183 - Fins Ara","og_description":"Silla de Evacuaci\u00f3n con Oruga PS-183: Ligera, plegable, segura y con capacidad hasta 180 kg. Ideal traslado convencional con la posibilidad de facilitar la bajada de escaleras gracias a su sistema de oruga.","og_url":"https:\/\/finsara.cat\/en\/product\/silla-ps-183\/","og_site_name":"Fins Ara","article_modified_time":"2026-01-30T10:32:20+00:00","og_image":[{"width":1000,"height":1000,"url":"https:\/\/finsara.cat\/wp-content\/uploads\/2025\/05\/silla-PS-183.jpg","type":"image\/jpeg"}],"twitter_card":"summary_large_image","twitter_misc":{"Est. reading time":"3 minutes"},"schema":{"@context":"https:\/\/schema.org","@graph":[{"@type":"WebPage","@id":"https:\/\/finsara.cat\/producto\/silla-ps-183\/","url":"https:\/\/finsara.cat\/producto\/silla-ps-183\/","name":"Silla de Evacuaci\u00f3n con Oruga PS-183 - Fins Ara","isPartOf":{"@id":"https:\/\/finsara.cat\/#website"},"primaryImageOfPage":{"@id":"https:\/\/finsara.cat\/producto\/silla-ps-183\/#primaryimage"},"image":{"@id":"https:\/\/finsara.cat\/producto\/silla-ps-183\/#primaryimage"},"thumbnailUrl":"https:\/\/finsara.cat\/wp-content\/uploads\/2025\/05\/silla-PS-183.jpg","datePublished":"2025-05-24T23:28:06+00:00","dateModified":"2026-01-30T10:32:20+00:00","description":"Silla de Evacuaci\u00f3n con Oruga PS-183: Ligera, plegable, segura y con capacidad hasta 180 kg. Ideal traslado convencional con la posibilidad de facilitar la bajada de escaleras gracias a su sistema de oruga.","breadcrumb":{"@id":"https:\/\/finsara.cat\/producto\/silla-ps-183\/#breadcrumb"},"inLanguage":"en-US","potentialAction":[{"@type":"ReadAction","target":["https:\/\/finsara.cat\/producto\/silla-ps-183\/"]}]},{"@type":"ImageObject","inLanguage":"en-US","@id":"https:\/\/finsara.cat\/producto\/silla-ps-183\/#primaryimage","url":"https:\/\/finsara.cat\/wp-content\/uploads\/2025\/05\/silla-PS-183.jpg","contentUrl":"https:\/\/finsara.cat\/wp-content\/uploads\/2025\/05\/silla-PS-183.jpg","width":1000,"height":1000},{"@type":"BreadcrumbList","@id":"https:\/\/finsara.cat\/producto\/silla-ps-183\/#breadcrumb","itemListElement":[{"@type":"ListItem","position":1,"name":"Portada","item":"https:\/\/finsara.cat\/"},{"@type":"ListItem","position":2,"name":"Productos","item":"https:\/\/finsara.cat\/shop\/"},{"@type":"ListItem","position":3,"name":"Silla de Evacuaci\u00f3n con Oruga PS-183"}]},{"@type":"WebSite","@id":"https:\/\/finsara.cat\/#website","url":"https:\/\/finsara.cat\/","name":"Fins Ara","description":"","potentialAction":[{"@type":"SearchAction","target":{"@type":"EntryPoint","urlTemplate":"https:\/\/finsara.cat\/?s={search_term_string}"},"query-input":{"@type":"PropertyValueSpecification","valueRequired":true,"valueName":"search_term_string"}}],"inLanguage":"en-US"}]}},"_links":{"self":[{"href":"https:\/\/finsara.cat\/en\/wp-json\/wp\/v2\/product\/1648"}],"collection":[{"href":"https:\/\/finsara.cat\/en\/wp-json\/wp\/v2\/product"}],"about":[{"href":"https:\/\/finsara.cat\/en\/wp-json\/wp\/v2\/types\/product"}],"wp:featuredmedia":[{"embeddable":true,"href":"https:\/\/finsara.cat\/en\/wp-json\/wp\/v2\/media\/1649"}],"wp:attachment":[{"href":"https:\/\/finsara.cat\/en\/wp-json\/wp\/v2\/media?parent=1648"}],"wp:term":[{"taxonomy":"product_cat","embeddable":true,"href":"https:\/\/finsara.cat\/en\/wp-json\/wp\/v2\/product_cat?post=1648"},{"taxonomy":"product_tag","embeddable":true,"href":"https:\/\/finsara.cat\/en\/wp-json\/wp\/v2\/product_tag?post=1648"}],"curies":[{"name":"wp","href":"https:\/\/api.w.org\/{rel}","templated":true}]}}